{"id":54,"date":"2020-11-23T16:42:48","date_gmt":"2020-11-23T16:42:48","guid":{"rendered":"https:\/\/uhblptspgz.hr\/eu\/naslovnica\/"},"modified":"2020-11-23T20:42:32","modified_gmt":"2020-11-23T20:42:32","slug":"naslovnica","status":"publish","type":"page","link":"https:\/\/uhblptspgz.hr\/eu\/","title":{"rendered":"Kliknuti linkovi za vi\u0161e informacija o na\u0161em uslugama"},"content":{"rendered":"<div class=\"art-content-layout-wrapper layout-item-0\">\n<div class=\"art-content-layout layout-item-1\">\n<div class=\"art-content-layout-row\">\n<div class=\"art-layout-cell layout-item-2\" style=\"width: 100%;\">\n<p style=\"text-align: center;\"><span style=\"font-weight: bold; font-size: 26px; color: #ffffff;\">\u0160to radimo?<\/span><\/p>\n<\/div>\n<\/div>\n<\/div>\n<\/div>\n<div class=\"art-content-layout-wrapper layout-item-0\">\n<div class=\"art-content-layout layout-item-1\">\n<div class=\"art-content-layout-row\">\n<div class=\"art-layout-cell layout-item-3\" style=\"width: 33%;\">\n<p style=\"text-align: center;\"><a href=\"https:\/\/uhblptspgz.hr\/eu\/psihosocijalna-pomoc-2\/\"><span style=\"color: #ffffff;\">Psihosocijalna pomo\u0107<\/span><\/a><\/p>\n<p style=\"text-align: center;\"><a href=\"https:\/\/uhblptspgz.hr\/eu\/psihosocijalna-pomoc-2\/\"><img loading=\"lazy\" class=\"art-lightbox alignnone\" src=\"https:\/\/uhblptspgz.hr\/eu\/wp-content\/uploads\/2020\/11\/Psihosocijalna-pomoc.jpg\" alt=\"\" width=\"221\" height=\"147\" \/><\/a><\/p>\n<p style=\"text-align: center;\"><span style=\"color: #020066; font-size: 20px;\">\u00a0<\/span><\/p>\n<\/div>\n<div class=\"art-layout-cell layout-item-4\" style=\"width: 34%;\">\n<p style=\"text-align: center;\"><a href=\"https:\/\/uhblptspgz.hr\/eu\/pruzanje-usluga-u-kuci\/\"><span style=\"color: #ffffff;\">Pru\u017eanje usluga u ku\u0107i<\/span><\/a><\/p>\n<p style=\"text-align: center;\"><a href=\"https:\/\/uhblptspgz.hr\/eu\/pruzanje-usluga-u-kuci\/\"><img loading=\"lazy\" class=\"art-lightbox alignnone\" src=\"https:\/\/uhblptspgz.hr\/eu\/wp-content\/uploads\/2020\/11\/shopping.jpg\" alt=\"\" width=\"148\" height=\"167\" \/><\/a><\/p>\n<\/div>\n<div class=\"art-layout-cell layout-item-5\" style=\"width: 33%;\">\n<p style=\"text-align: center; margin-top: 0px; margin-bottom: 0px;\"><a href=\"https:\/\/uhblptspgz.hr\/eu\/pruzanje-usluga-zdravstvene-skrbi-3\/\"><span style=\"font-family: Arial, 'Arial Unicode MS', Helvetica, sans-serif; color: #ffffff;\">Pru\u017eanje usluga\u00a0<\/span><\/a><\/p>\n<p style=\"text-align: center; margin-top: 0px; margin-bottom: 0px;\"><a href=\"\/pruzanje-usluga-zdravstvene-skrbi\"><span style=\"font-family: Arial, 'Arial Unicode MS', Helvetica, sans-serif; color: #ffffff;\">zdravstvene skrbi<\/span><\/a><\/p>\n<p style=\"text-align: center; margin-top: 0px; margin-bottom: 0px;\"><a href=\"https:\/\/uhblptspgz.hr\/eu\/pruzanje-usluga-zdravstvene-skrbi-3\/\"><img loading=\"lazy\" class=\"art-lightbox alignnone\" src=\"https:\/\/uhblptspgz.hr\/eu\/wp-content\/uploads\/2020\/11\/Pruzanje-usluga-zdravstvene-skrbi.jpg\" alt=\"\" width=\"162\" height=\"161\" \/><\/a><\/p>\n<\/div>\n<\/div>\n<\/div>\n<\/div>\n<div class=\"art-content-layout-wrapper layout-item-0\">\n<div class=\"art-content-layout layout-item-1\">\n<div class=\"art-content-layout-row\">\n<div class=\"art-layout-cell layout-item-6\" style=\"width: 67%;\">\n<p><span style=\"color: #4e6883; font-size: 24px; line-height: 28px; font-weight: bold;\">Zajedno <span style=\"color: #3b4e63;\">za<\/span> branitelje<\/span><span style=\"color: #020066;\"><span style=\"font-size: 14px; font-weight: bold;\"><br \/>\n<\/span><\/span><\/p>\n<hr \/>\n<p><span style=\"color: #020066;\"><span style=\"font-size: 14px; font-weight: bold; color: #020066;\">Naziv korisnika\/partnera u projektu:<\/span>\u00a0<span style=\"font-size: 14px; color: #020066;\">Udruga hrvatskih branitelja lije\u010denih od posttraumatskog stresnog poreme\u0107aja Grada Zagreba \u00a0<\/span><\/span><\/p>\n<hr \/>\n<p><span style=\"font-size: 14px; color: #020066;\"><span style=\"font-weight: bold; color: #020066;\">Kratki opis projekta:<\/span>\u00a0U 24 mjeseca trajanja projekta namjerava se posti\u0107i visokokvalitetna deinstitucionalizirana socijalna usluga za 45 pripadnika ciljne skupine, prilago\u0111ena potrebama svakog pojedinca te time unaprijediti kvalitetu \u017eivota i smanjiti socijalnu isklju\u010denost hrvatskih branitelja i \u010dlanova njihove obitelji.<\/span><\/p>\n<hr \/>\n<p><span style=\"font-size: 14px; font-weight: bold; color: #020066;\">Ciljeve i o\u010dekivane rezultate projekta:<\/span><span style=\"font-size: 14px; color: #020066;\">\u00a0Organizirana individualna savjetovanja s psihologom, organizirana grupna i individualna savjetovanja s psihijatrom, pru\u017eanje usluge intervencije socijalnog radnika, pru\u017eanje usluge gerontodoma\u0107ice, pru\u017eanje usluge njegovateljice, usluge prijevoza korisnika.\u00a0<\/span><\/p>\n<hr \/>\n<p><span style=\"font-size: 14px; color: #020066;\"><span style=\"font-weight: bold; color: #020066;\">Razdoblje provedbe projekta (od &#8211; do):<\/span>\u00a05.2.2020.-5.2.2022.<\/span><\/p>\n<hr \/>\n<p><span style=\"color: #1d2630;\"><span style=\"font-size: 14px; color: #020066;\"><span style=\"color: #020066;\"><span style=\"font-weight: bold; color: #020066;\">Ukupnu vrijednost projekta<\/span>:1.896.879,50 HRK, od \u010dega EU<\/span> <span style=\"color: #020066;\">sufinanciranje iznosi 1.612.347,58 HRK\u00a0<\/span><\/span><\/span><\/p>\n<hr \/>\n<p><span style=\"font-size: 14px; color: #020066;\">\u00a0<\/span><\/p>\n<p><span style=\"color: #020066;\"><span style=\"font-size: 14px;\">\u00a0<\/span><\/span><\/p>\n<\/div>\n<div class=\"art-layout-cell layout-item-7\" style=\"width: 33%;\">\n<p style=\"text-align: center;\">LINKOVI<\/p>\n<p style=\"text-align: center;\"><a href=\"http:\/\/www.esf.hr\/\"><img loading=\"lazy\" class=\"\" src=\"https:\/\/uhblptspgz.hr\/eu\/wp-content\/uploads\/2020\/11\/2pic1-3.jpg\" alt=\"\" width=\"98\" height=\"99\" \/><\/a><a href=\"https:\/\/strukturnifondovi.hr\/\"><img loading=\"lazy\" class=\"\" src=\"https:\/\/uhblptspgz.hr\/eu\/wp-content\/uploads\/2020\/11\/2pic2-3.jpg\" alt=\"\" width=\"200\" height=\"66\" \/><\/a><\/p>\n<p style=\"text-align: center;\"><a href=\"https:\/\/branitelji.gov.hr\/\"><img loading=\"lazy\" src=\"https:\/\/uhblptspgz.hr\/eu\/wp-content\/uploads\/2020\/11\/footer-1-3.jpg\" alt=\"\" width=\"108\" height=\"103\" \/><\/a><\/p>\n<p style=\"text-align: center;\"><a href=\"https:\/\/uhblptspgz.hr\/\"><img loading=\"lazy\" class=\"\" src=\"https:\/\/uhblptspgz.hr\/eu\/wp-content\/uploads\/2020\/11\/LOGO-LEFT-BRANITELJI-3.jpg\" alt=\"\" width=\"108\" height=\"107\" \/><\/a><\/p>\n<\/div>\n<\/div>\n<\/div>\n<\/div>\n","protected":false},"excerpt":{"rendered":"<p>\u0160to radimo? Psihosocijalna pomo\u0107 \u00a0 Pru\u017eanje usluga u ku\u0107i Pru\u017eanje usluga\u00a0 zdravstvene skrbi Zajedno za branitelje Naziv korisnika\/partnera u projektu:\u00a0Udruga hrvatskih branitelja lije\u010denih od posttraumatskog stresnog poreme\u0107aja Grada Zagreba \u00a0 Kratki opis projekta:\u00a0U 24 mjeseca trajanja projekta namjerava se posti\u0107i visokokvalitetna deinstitucionalizirana socijalna usluga za 45 pripadnika ciljne skupine, prilago\u0111ena potrebama svakog pojedinca te time [&hellip;]<\/p>\n","protected":false},"author":1,"featured_media":0,"parent":0,"menu_order":1,"comment_status":"closed","ping_status":"closed","template":"","meta":[],"_links":{"self":[{"href":"https:\/\/uhblptspgz.hr\/eu\/wp-json\/wp\/v2\/pages\/54"}],"collection":[{"href":"https:\/\/uhblptspgz.hr\/eu\/wp-json\/wp\/v2\/pages"}],"about":[{"href":"https:\/\/uhblptspgz.hr\/eu\/wp-json\/wp\/v2\/types\/page"}],"author":[{"embeddable":true,"href":"https:\/\/uhblptspgz.hr\/eu\/wp-json\/wp\/v2\/users\/1"}],"replies":[{"embeddable":true,"href":"https:\/\/uhblptspgz.hr\/eu\/wp-json\/wp\/v2\/comments?post=54"}],"version-history":[{"count":6,"href":"https:\/\/uhblptspgz.hr\/eu\/wp-json\/wp\/v2\/pages\/54\/revisions"}],"predecessor-version":[{"id":108,"href":"https:\/\/uhblptspgz.hr\/eu\/wp-json\/wp\/v2\/pages\/54\/revisions\/108"}],"wp:attachment":[{"href":"https:\/\/uhblptspgz.hr\/eu\/wp-json\/wp\/v2\/media?parent=54"}],"curies":[{"name":"wp","href":"https:\/\/api.w.org\/{rel}","templated":true}]}}