{"id":56,"date":"2020-11-23T16:42:50","date_gmt":"2020-11-23T16:42:50","guid":{"rendered":"https:\/\/uhblptspgz.hr\/eu\/o-nama-2\/"},"modified":"2020-11-23T16:42:50","modified_gmt":"2020-11-23T16:42:50","slug":"o-nama-2","status":"publish","type":"page","link":"https:\/\/uhblptspgz.hr\/eu\/o-nama-2\/","title":{"rendered":"O nama"},"content":{"rendered":"<p><span style=\"font-weight: bold; color: #020066;\">Kako je po\u010delo?<\/span> <span style=\"color: #020066;\">Po povratku iz svojih postrojbi hrvatski branitelji su osje\u0107ali psihofizi\u010dke tegobe koje nisu mogli ni\u010dim sami definirati, a ni uz pomo\u0107 u to vrijeme nedovoljno educiranih lije\u010dnika psihijatara. Lije\u010dnici su u to vrijeme koristili dijagnozu psihoneurosis, jer u Republici Hrvatskoj do tog vremena rijetko je postojao posttraumatski stresni poreme\u0107aj izazvan ratnom traumom. Istodobno, sam zakon o hrvatskim braniteljima bio je u potpunosti prepisan iz zakona o vojnim vje\u017ebama u mirnodopskim okolnostima biv\u0161e SFRJ. U travnju 1994. godine grupa entuzijasta hrvatskih branitelja sa te\u017eim posljedicama stresnog poreme\u0107aja osnovali su klub lije\u010denih branitelja od PTSP-a, nazvan klubom, jer nije imao zakonske osnove da se registrira kao udruga. Djelovanje tada\u0161njeg kluba bio je u Remetine\u010dkoj cesti u Remetincu a voditelj je bio Ljubo Kasap. U lipnju 1999. godine je napravljena osniva\u010dka skup\u0161tina prva u RH i osnovana je prva udruga u na\u0161oj zemlji s oznakom udruga hrvatskih branitelja lije\u010denih od PTSP-a. U to vrijeme i do dana dana\u0161njeg to je bila jedina ustanova u kojoj se moglo izre\u0107i iste i sli\u010dne stvari koje se doga\u0111aju braniteljicama i braniteljima hrvatske vojske.&nbsp;<\/span><\/p>\n<p style=\"text-align: center;\"><img loading=\"lazy\" width=\"637\" height=\"302\" alt=\"\" class=\"art-lightbox\" src=\"https:\/\/uhblptspgz.hr\/eu\/wp-content\/uploads\/2020\/11\/o-nama.jpg\"><\/p>\n<p><span style=\"font-weight: bold; color: #020066;\">Borba za prava branitelja<\/span> <span style=\"color: #020066;\">Kako to u pravilu biva dr\u017eava ne o\u010dekuju\u0107i problem s kojim se trebala suo\u010diti po\u010deli su rezati i preobli\u010davati zakon koji je u pravilu i\u0161ao na \u0161tetu osoba o\u0161te\u0107enih u psihi\u010dkom smislu u ratu. Nastala je gr\u010devita borba sa dokazivanjem da li je ili nije netko bolestan. Osnivana su razno razna lije\u010dni\u010dka povjerenstva, osnivane su koje kakve zaklade koje su zapravo trebale brinuti o hrvatskim braniteljima, ali to nisu postigle. Udruga hrvatskih branitelja liie\u010denih od PTSP-a grada Zagreba na kraju se preselila 2002. godine na adresu J. Slavenskog 9 u Pre\u010dkom gdje i danas djeluje. Potrebno je naglasiti da tada\u0161nji odjeli za branitelje pri gradu Zagrebu su pomagali u onoj mjeri u kojoj je to bilo mogu\u0107e u tim okolnostima djelovanja. Zahvaljuju\u0107i gradona\u010delniku koji je imao sluha da pomogne ovoj kategoriji branitelja i redovito je to \u010dinio. Udruga je prolazila kao \u0161to smo ve\u0107 naglasili kroz turbulentno vrijeme od nadripoliti\u010dara do samopristupanja u europske integracije. Danas udruga broji 1370 \u010dlanova, od kojih su nekih aktivniji nekih pasivnijih po potrebi.&nbsp;<\/span><\/p>\n<p><\/p>\n<p><span style=\"font-weight: bold; color: #020066;\">Projekti<\/span> <span style=\"color: #020066;\">U udruzi od samog osnutka do danas postoji psihosocijalna skrb (psihijatri, psiholozi, socijalni radnici i pravnici) kao i volonteri \u010dlanovi (hrvatski branitelji s ve\u0107im ili manjim iskustvom koji se me\u0111usobno poma\u017eu). Jako je bitno naglasiti da smrtnost hrvatskih branitelja rapidno o raste (komorbiditet bolesti 46 000 osoba uz PTSP boluje i od drugih bolesti), na\u017ealost 3800 hrvatskih branitelja izvr\u0161ilo je suicid jer nisu izna\u0161li mogu\u0107nost za resocijalizacijom u cjelokupnom hrvatskom dru\u0161tvu. Prije dvije godine tijekom 2018. udruga je uz pomo\u0107 stru\u010dnih ljudi aplicirala na ESF europske projekte gdje joj je odobren projekt \u201eZajedno za branitelje\u201c na natje\u010daju Razvoj i \u0161irenje mre\u017ee izvaninstitucionalnih usluga za hrvatske branitelje i stradalnike Domovinskog rata. Ciljna skupina nam je 45 hrvatskih branitelja, mi u pravilu brinemo o vi\u0161e korisnika. Sve aktivnosti se odvijaju na terenu u domovima branitelja (usluge psihologa, psihijatra i socijalnog radnika dostupne su u udruzi). Po projektu smo zaposlili i\/ili anga\u017eirali : psihologa, psihijatra, fizioterapeuta, dva gerontodoma\u0107ina\/ice, 2 njegovateljice, socijalnu radnicu, administratora, voza\u010da, voditeljicu projekta. Otegotne okolnosti COVID 19 i potres dobro smo osjetili u svim segmentima s dodatnim zalaganjem i jo\u0161 ve\u0107om motivacijom truditi \u0107emo se polu\u010diti \u0161to bolje rezultate u resocijalizaciji na\u0161ih branitelja kao i \u010dlanova njihovih obitelji da mogu\u0107imo doti\u010dnoj skupini \u017eivot primjeren i dostojan kao i drugim gra\u0111anima RH.<\/span><\/p>\n","protected":false},"excerpt":{"rendered":"<p>Kako je po\u010delo? Po povratku iz svojih postrojbi hrvatski branitelji su osje\u0107ali psihofizi\u010dke tegobe koje nisu mogli ni\u010dim sami definirati, a ni uz pomo\u0107 u to vrijeme nedovoljno educiranih lije\u010dnika psihijatara. Lije\u010dnici su u to vrijeme koristili dijagnozu psihoneurosis, jer u Republici Hrvatskoj do tog vremena rijetko je postojao posttraumatski stresni poreme\u0107aj izazvan ratnom traumom. [&hellip;]<\/p>\n","protected":false},"author":1,"featured_media":0,"parent":0,"menu_order":3,"comment_status":"closed","ping_status":"closed","template":"","meta":[],"_links":{"self":[{"href":"https:\/\/uhblptspgz.hr\/eu\/wp-json\/wp\/v2\/pages\/56"}],"collection":[{"href":"https:\/\/uhblptspgz.hr\/eu\/wp-json\/wp\/v2\/pages"}],"about":[{"href":"https:\/\/uhblptspgz.hr\/eu\/wp-json\/wp\/v2\/types\/page"}],"author":[{"embeddable":true,"href":"https:\/\/uhblptspgz.hr\/eu\/wp-json\/wp\/v2\/users\/1"}],"replies":[{"embeddable":true,"href":"https:\/\/uhblptspgz.hr\/eu\/wp-json\/wp\/v2\/comments?post=56"}],"version-history":[{"count":0,"href":"https:\/\/uhblptspgz.hr\/eu\/wp-json\/wp\/v2\/pages\/56\/revisions"}],"wp:attachment":[{"href":"https:\/\/uhblptspgz.hr\/eu\/wp-json\/wp\/v2\/media?parent=56"}],"curies":[{"name":"wp","href":"https:\/\/api.w.org\/{rel}","templated":true}]}}