{"id":57,"date":"2020-11-23T16:42:51","date_gmt":"2020-11-23T16:42:51","guid":{"rendered":"https:\/\/uhblptspgz.hr\/eu\/kontakti\/"},"modified":"2022-02-07T20:17:06","modified_gmt":"2022-02-07T20:17:06","slug":"kontakti","status":"publish","type":"page","link":"https:\/\/uhblptspgz.hr\/eu\/kontakti\/","title":{"rendered":"Kontakti"},"content":{"rendered":"<div class=\"art-content-layout-wrapper layout-item-0\">\n<div class=\"art-content-layout layout-item-1\">\n<div class=\"art-content-layout-row\">\n<div class=\"art-layout-cell layout-item-2\" style=\"width: 33%;\">\n<p style=\"text-align: center;\"><img loading=\"lazy\" class=\"art-lightbox\" src=\"https:\/\/uhblptspgz.hr\/eu\/wp-content\/uploads\/2020\/11\/ivica.jpg\" alt=\"\" width=\"214\" height=\"206\" \/><\/p>\n<\/div>\n<div class=\"art-layout-cell layout-item-3\" style=\"width: 34%;\"><span style=\"border-collapse: collapse; -webkit-border-horizontal-spacing: 2px; -webkit-border-vertical-spacing: 2px; font-size: 8px;\"><br \/>\n<\/span><\/p>\n<p style=\"margin-top: 0px; margin-bottom: 0px; font-weight: bold; line-height: 18px; text-align: center;\"><img loading=\"lazy\" class=\"art-lightbox\" src=\"https:\/\/uhblptspgz.hr\/eu\/wp-content\/uploads\/2020\/11\/zeljko.jpg\" alt=\"\" width=\"204\" height=\"204\" \/><span style=\"-webkit-border-horizontal-spacing: 2px; -webkit-border-vertical-spacing: 2px;\"><br \/>\n<\/span><\/p>\n<\/div>\n<div class=\"art-layout-cell layout-item-4\" style=\"width: 33%;\">\n<p style=\"margin-top: 0px; margin-bottom: 0px; font-weight: bold; line-height: 18px; text-align: center;\"><img loading=\"lazy\" class=\"art-lightbox\" src=\"https:\/\/uhblptspgz.hr\/eu\/wp-content\/uploads\/2020\/11\/miljana.jpg\" alt=\"\" width=\"175\" height=\"204\" \/><\/p>\n<\/div>\n<\/div>\n<\/div>\n<\/div>\n<div class=\"art-content-layout-wrapper layout-item-0\">\n<div class=\"art-content-layout layout-item-1\">\n<div class=\"art-content-layout-row\">\n<div class=\"art-layout-cell layout-item-5\" style=\"width: 33%;\">\n<p style=\"margin-top: 0px; margin-bottom: 0px; text-align: center;\"><span style=\"font-size: 14px;\">Predsjednik\u00a0<\/span><\/p>\n<p style=\"margin-top: 0px; margin-bottom: 0px; text-align: center;\"><span style=\"font-size: 14px;\">\u00a0Ivan Toli\u0107\u00a0<\/span><\/p>\n<p style=\"margin-top: 0px; margin-bottom: 0px;\">\n<p style=\"margin-top: 0px; margin-bottom: 0px;\">\u00a0Tel: 098 183 7150<\/p>\n<p style=\"margin-top: 0px; margin-bottom: 0px;\">\u00a0E-po\u0161ta: info@uhblptspgz.hr<\/p>\n<\/div>\n<div class=\"art-layout-cell layout-item-6\" style=\"width: 34%;\">\n<p style=\"margin-top: 0px; margin-bottom: 0px; text-align: center;\"><span style=\"font-size: 14px; font-weight: bold;\">Tajnik\u00a0<\/span><\/p>\n<p style=\"margin-top: 0px; margin-bottom: 0px; text-align: center;\"><span style=\"font-size: 14px; font-weight: bold;\">\u00a0\u017deljko Dra\u0161kovi\u0107\u00a0<\/span><\/p>\n<p style=\"margin-top: 0px; margin-bottom: 0px;\"><span style=\"font-weight: bold;\">\u00a0<\/span><\/p>\n<p style=\"margin-top: 0px; margin-bottom: 0px;\"><span style=\"font-weight: bold;\">\u00a0Tel: 099 3861 760\u00a0<\/span><\/p>\n<p style=\"margin-top: 0px; margin-bottom: 0px;\"><span style=\"font-weight: bold;\">\u00a0E-po\u0161ta: uhblptspzg@net.hr<\/span><\/p>\n<\/div>\n<div class=\"art-layout-cell layout-item-5\" style=\"width: 33%;\">\n<p style=\"margin-top: 0px; margin-bottom: 0px; line-height: 18px; text-align: center;\"><span style=\"-webkit-border-horizontal-spacing: 2px; -webkit-border-vertical-spacing: 2px;\"><span style=\"font-size: 14px; font-family: 'Palatino Linotype'; color: #ffffff; font-weight: bold;\">Voditeljica projekta\u00a0<\/span><\/span><\/p>\n<p style=\"margin-top: 0px; margin-bottom: 0px; line-height: 18px; text-align: center;\"><span style=\"font-size: 14px; font-family: 'Palatino Linotype'; color: #ffffff; font-weight: bold;\">Milijana Kastratovi\u0107<\/span><\/p>\n<p style=\"margin-top: 0px; margin-bottom: 0px; line-height: 18px; text-align: center;\"><span style=\"font-weight: bold;\">\u00a0<\/span><\/p>\n<p style=\"margin-top: 0px; margin-bottom: 0px; line-height: 18px;\"><span style=\"color: #ffffff; font-weight: bold;\">Tel: 099 528 0206<\/span><\/p>\n<p style=\"margin-top: 0px; margin-bottom: 0px; line-height: 18px;\"><span style=\"color: #ffffff; font-weight: bold;\">E po\u0161ta: info@uhblptspgz.hr<br \/>\n<\/span><\/p>\n<\/div>\n<\/div>\n<\/div>\n<\/div>\n<div class=\"art-content-layout-wrapper layout-item-0\">\n<div class=\"art-content-layout layout-item-1\">\n<div class=\"art-content-layout-row\">\n<div class=\"art-layout-cell layout-item-2\" style=\"width: 100%;\">\n<p>Posjetite nas:<\/p>\n<p><iframe style=\"border: 0;\" tabindex=\"0\" src=\"https:\/\/www.google.com\/maps\/embed?pb=!1m18!1m12!1m3!1d2781.7784364913427!2d15.896973415220371!3d45.79566637910616!2m3!1f0!2f0!3f0!3m2!1i1024!2i768!4f13.1!3m3!1m2!1s0x4765d15cc51c6111%3A0x841877e4a16d49d8!2sJosipa%20Slavenskog%209%2C%2010000%2C%20Zagreb!5e0!3m2!1shr!2shr!4v1606170148166!5m2!1shr!2shr\" width=\"800\" height=\"600\" frameborder=\"0\" allowfullscreen=\"allowfullscreen\" aria-hidden=\"false\"><\/iframe><\/p>\n<\/div>\n<\/div>\n<\/div>\n<\/div>\n","protected":false},"excerpt":{"rendered":"<p>Predsjednik\u00a0 \u00a0Ivan Toli\u0107\u00a0 \u00a0Tel: 098 183 7150 \u00a0E-po\u0161ta: info@uhblptspgz.hr Tajnik\u00a0 \u00a0\u017deljko Dra\u0161kovi\u0107\u00a0 \u00a0 \u00a0Tel: 099 3861 760\u00a0 \u00a0E-po\u0161ta: uhblptspzg@net.hr Voditeljica projekta\u00a0 Milijana Kastratovi\u0107 \u00a0 Tel: 099 528 0206 E po\u0161ta: info@uhblptspgz.hr Posjetite nas:<\/p>\n","protected":false},"author":1,"featured_media":0,"parent":0,"menu_order":4,"comment_status":"closed","ping_status":"closed","template":"","meta":[],"_links":{"self":[{"href":"https:\/\/uhblptspgz.hr\/eu\/wp-json\/wp\/v2\/pages\/57"}],"collection":[{"href":"https:\/\/uhblptspgz.hr\/eu\/wp-json\/wp\/v2\/pages"}],"about":[{"href":"https:\/\/uhblptspgz.hr\/eu\/wp-json\/wp\/v2\/types\/page"}],"author":[{"embeddable":true,"href":"https:\/\/uhblptspgz.hr\/eu\/wp-json\/wp\/v2\/users\/1"}],"replies":[{"embeddable":true,"href":"https:\/\/uhblptspgz.hr\/eu\/wp-json\/wp\/v2\/comments?post=57"}],"version-history":[{"count":3,"href":"https:\/\/uhblptspgz.hr\/eu\/wp-json\/wp\/v2\/pages\/57\/revisions"}],"predecessor-version":[{"id":353,"href":"https:\/\/uhblptspgz.hr\/eu\/wp-json\/wp\/v2\/pages\/57\/revisions\/353"}],"wp:attachment":[{"href":"https:\/\/uhblptspgz.hr\/eu\/wp-json\/wp\/v2\/media?parent=57"}],"curies":[{"name":"wp","href":"https:\/\/api.w.org\/{rel}","templated":true}]}}