{"id":58,"date":"2020-11-23T16:42:52","date_gmt":"2020-11-23T16:42:52","guid":{"rendered":"https:\/\/uhblptspgz.hr\/eu\/psihosocijalna-pomoc-2\/"},"modified":"2020-11-23T16:42:52","modified_gmt":"2020-11-23T16:42:52","slug":"psihosocijalna-pomoc-2","status":"publish","type":"page","link":"https:\/\/uhblptspgz.hr\/eu\/psihosocijalna-pomoc-2\/","title":{"rendered":"Psihosocijalna pomo\u0107"},"content":{"rendered":"<div class=\"art-content-layout\">\n<div class=\"art-content-layout-row\">\n<div class=\"art-layout-cell layout-item-0\" style=\"width: 67%\" >\n<p style=\"text-align: center;\"><img loading=\"lazy\" width=\"292\" height=\"228\" alt=\"\" class=\"art-lightbox\" src=\"https:\/\/uhblptspgz.hr\/eu\/wp-content\/uploads\/2020\/11\/psychohelp1.png\"><\/p>\n<\/p><\/div>\n<div class=\"art-layout-cell layout-item-1\" style=\"width: 33%\" >\n<p style=\"text-align: center;\"><span style=\"font-size: 16px; color: #020066;\">Psihijatrijske grupe ponedjeljkom<br \/>\n        <\/span><\/p>\n<p style=\"text-align: center;\"><span style=\"font-size: 16px; color: #020066;\">od 16:00-19:00 sati<br \/>\n        <\/span><\/p>\n<p style=\"text-align: center;\"><span style=\"font-size: 16px; color: #020066;\">pridru\u017eite nam se i<br \/>\n         \/ili nazovite&nbsp;<\/span><\/p>\n<p style=\"text-align: center;\"><span style=\"font-size: 16px; color: #020066;\">na telefon<\/span><span style=\"font-size: 16px; color: #020066;\">&nbsp;01 3861-760<\/span><\/p>\n<p style=\"text-align: center;\"><span style=\"font-size: 16px; color: #020066;\">na mobitel 099 3879-306&nbsp;<\/span><\/p>\n<\/p><\/div>\n<\/p><\/div>\n<\/div>\n<div class=\"art-content-layout\">\n<div class=\"art-content-layout-row\">\n<div class=\"art-layout-cell layout-item-2\" style=\"width: 67%\" >\n<p style=\"text-align: center;\"><img loading=\"lazy\" width=\"274\" height=\"280\" alt=\"\" class=\"art-lightbox\" src=\"https:\/\/uhblptspgz.hr\/eu\/wp-content\/uploads\/2020\/11\/psychohelp2.jpg\"><\/p>\n<\/p><\/div>\n<div class=\"art-layout-cell layout-item-3\" style=\"width: 33%\" >\n<p class=\"MsoNormal\" align=\"center\" style=\"text-align: center;\"><span style=\"font-size: 16px; color: #020066;\">Savjetovanje s psihijatrom<\/p>\n<p>        <\/span><\/p>\n<p class=\"MsoNormal\" align=\"center\" style=\"text-align: center;\"><span style=\"font-size: 16px; color: #020066;\">&nbsp;na telefon&nbsp;<\/span><span style=\"font-size: 16px; color: #020066;\">01 3861-760&nbsp;<br \/>\n        <\/span><\/p>\n<p class=\"MsoNormal\" align=\"center\" style=\"text-align: center;\"><span style=\"font-size: 16px;\"><span style=\"color: #020066;\">na mobitel 099 3879-306<\/span>&nbsp;<\/span><\/p>\n<\/p><\/div>\n<\/p><\/div>\n<\/div>\n<div class=\"art-content-layout\">\n<div class=\"art-content-layout-row\">\n<div class=\"art-layout-cell layout-item-4\" style=\"width: 67%\" >\n        <span style=\"font-size: 14px;\"><br \/><\/span><\/p>\n<p style=\"text-align: center;\"><img loading=\"lazy\" width=\"333\" height=\"311\" alt=\"\" class=\"art-lightbox\" src=\"https:\/\/uhblptspgz.hr\/eu\/wp-content\/uploads\/2020\/11\/for-front2.jpg\"><span style=\"font-family: 'Palatino Linotype'; font-weight: bold;\"><br \/><\/span><\/p>\n<\/p><\/div>\n<div class=\"art-layout-cell layout-item-5\" style=\"width: 33%\" >\n<p style=\"text-align: center;\"><span style=\"font-size: 16px; color: #020066;\">Individualna psiholo\u0161ka pomo\u0107&nbsp;<\/span><\/p>\n<p style=\"text-align: center;\"><span style=\"color: rgb(2, 0, 102); font-size: 16px;\">(uz prethodnu narud\u017ebu)<\/span><\/p>\n<p style=\"text-align: center;\"><span style=\"font-size: 16px; color: #020066;\">na telefon 01 3861-769<br \/>\n        <\/span><\/p>\n<p style=\"text-align: center;\"><span style=\"font-size: 16px; color: #020066;\">na mobitel 099 3879-306<br \/>\n        <br \/><\/span><\/p>\n<\/p><\/div>\n<\/p><\/div>\n<\/div>\n<div class=\"art-content-layout layout-item-0\">\n<div class=\"art-content-layout-row\">\n<div class=\"art-layout-cell layout-item-2\" style=\"width: 67%\" >\n<p style=\"text-align: center;\"><img loading=\"lazy\" width=\"335\" height=\"245\" alt=\"\" class=\"art-lightbox\" src=\"https:\/\/uhblptspgz.hr\/eu\/wp-content\/uploads\/2020\/11\/psychologist3.jpg\"><\/p>\n<\/p><\/div>\n<div class=\"art-layout-cell layout-item-6\" style=\"width: 33%\" >\n<p style=\"text-align: center;\"><span style=\"font-size: 16px; color: rgb(2, 0, 102);\">Pomo\u0107 kod socijalnih problema-socijalna radnica&nbsp;<\/span><\/p>\n<p style=\"text-align: center;\"><span style=\"font-size: 16px; color: rgb(2, 0, 102);\">(uz prethodnu narud\u017ebu)&nbsp;<\/span><\/p>\n<p style=\"text-align: center;\"><span style=\"font-size: 16px; color: rgb(2, 0, 102);\">na telefon: 01 3861-760&nbsp;<\/span><\/p>\n<p style=\"text-align: center;\"><span style=\"font-size: 16px; color: rgb(2, 0, 102);\">na mobilni telefon: 099 3879 306&nbsp;<\/span><\/p>\n<\/p><\/div>\n<\/p><\/div>\n<\/div>\n","protected":false},"excerpt":{"rendered":"<p>Psihijatrijske grupe ponedjeljkom od 16:00-19:00 sati pridru\u017eite nam se i \/ili nazovite&nbsp; na telefon&nbsp;01 3861-760 na mobitel 099 3879-306&nbsp; Savjetovanje s psihijatrom &nbsp;na telefon&nbsp;01 3861-760&nbsp; na mobitel 099 3879-306&nbsp; Individualna psiholo\u0161ka pomo\u0107&nbsp; (uz prethodnu narud\u017ebu) na telefon 01 3861-769 na mobitel 099 3879-306 Pomo\u0107 kod socijalnih problema-socijalna radnica&nbsp; (uz prethodnu narud\u017ebu)&nbsp; na telefon: 01 3861-760&nbsp; [&hellip;]<\/p>\n","protected":false},"author":1,"featured_media":0,"parent":0,"menu_order":5,"comment_status":"closed","ping_status":"closed","template":"","meta":[],"_links":{"self":[{"href":"https:\/\/uhblptspgz.hr\/eu\/wp-json\/wp\/v2\/pages\/58"}],"collection":[{"href":"https:\/\/uhblptspgz.hr\/eu\/wp-json\/wp\/v2\/pages"}],"about":[{"href":"https:\/\/uhblptspgz.hr\/eu\/wp-json\/wp\/v2\/types\/page"}],"author":[{"embeddable":true,"href":"https:\/\/uhblptspgz.hr\/eu\/wp-json\/wp\/v2\/users\/1"}],"replies":[{"embeddable":true,"href":"https:\/\/uhblptspgz.hr\/eu\/wp-json\/wp\/v2\/comments?post=58"}],"version-history":[{"count":1,"href":"https:\/\/uhblptspgz.hr\/eu\/wp-json\/wp\/v2\/pages\/58\/revisions"}],"predecessor-version":[{"id":100,"href":"https:\/\/uhblptspgz.hr\/eu\/wp-json\/wp\/v2\/pages\/58\/revisions\/100"}],"wp:attachment":[{"href":"https:\/\/uhblptspgz.hr\/eu\/wp-json\/wp\/v2\/media?parent=58"}],"curies":[{"name":"wp","href":"https:\/\/api.w.org\/{rel}","templated":true}]}}